{"id":472,"date":"2020-04-03T22:14:55","date_gmt":"2020-04-03T20:14:55","guid":{"rendered":"http:\/\/wp.castellobeachhotel.com\/home\/"},"modified":"2022-08-08T13:21:18","modified_gmt":"2022-08-08T11:21:18","slug":"home","status":"publish","type":"page","link":"https:\/\/castellobeachhotel.com\/fr\/","title":{"rendered":"Home"},"content":{"rendered":"","protected":false},"excerpt":{"rendered":"","protected":false},"author":1,"featured_media":0,"parent":0,"menu_order":0,"comment_status":"closed","ping_status":"closed","template":"","meta":[],"acf":[],"yoast_head":"<!-- This site is optimized with the Yoast SEO plugin v19.0 - https:\/\/yoast.com\/wordpress\/plugins\/seo\/ -->\n<title>Home | Castello Beach Hotel<\/title>\n<meta name=\"description\" content=\"Castello Beach Hotel, le seul h\u00f4tel 4 \u00e9toiles proposant uniquement des suites \u00e0 Praslin. 26 suites minimalistes et luxueuses dans deux b\u00e2timents.\" \/>\n<meta name=\"robots\" content=\"index, follow, max-snippet:-1, max-image-preview:large, max-video-preview:-1\" \/>\n<link rel=\"canonical\" href=\"https:\/\/castellobeachhotel.com\/fr\/\" \/>\n<meta property=\"og:locale\" content=\"fr_FR\" \/>\n<meta property=\"og:type\" content=\"article\" \/>\n<meta property=\"og:title\" content=\"Home | Castello Beach Hotel\" \/>\n<meta property=\"og:description\" content=\"Castello Beach Hotel, le seul h\u00f4tel 4 \u00e9toiles proposant uniquement des suites \u00e0 Praslin. 26 suites minimalistes et luxueuses dans deux b\u00e2timents.\" \/>\n<meta property=\"og:url\" content=\"https:\/\/castellobeachhotel.com\/fr\/\" \/>\n<meta property=\"og:site_name\" content=\"Castello Beach Hotel\" \/>\n<meta property=\"article:modified_time\" content=\"2022-08-08T11:21:18+00:00\" \/>\n<meta name=\"twitter:card\" content=\"summary_large_image\" \/>\n<script type=\"application\/ld+json\" class=\"yoast-schema-graph\">{\"@context\":\"https:\/\/schema.org\",\"@graph\":[{\"@type\":\"Organization\",\"@id\":\"https:\/\/castellobeachhotel.com\/fr\/#organization\",\"name\":\"Castello Beach Hotel\",\"url\":\"https:\/\/castellobeachhotel.com\/fr\/\",\"sameAs\":[],\"logo\":{\"@type\":\"ImageObject\",\"inLanguage\":\"fr-FR\",\"@id\":\"https:\/\/castellobeachhotel.com\/fr\/#\/schema\/logo\/image\/\",\"url\":\"https:\/\/castellobeachhotel.com\/wp-content\/uploads\/2022\/06\/Castello-Logo.svg\",\"contentUrl\":\"https:\/\/castellobeachhotel.com\/wp-content\/uploads\/2022\/06\/Castello-Logo.svg\",\"width\":298,\"height\":50,\"caption\":\"Castello Beach Hotel\"},\"image\":{\"@id\":\"https:\/\/castellobeachhotel.com\/fr\/#\/schema\/logo\/image\/\"}},{\"@type\":\"WebSite\",\"@id\":\"https:\/\/castellobeachhotel.com\/fr\/#website\",\"url\":\"https:\/\/castellobeachhotel.com\/fr\/\",\"name\":\"Castello Beach Hotel\",\"description\":\"\",\"publisher\":{\"@id\":\"https:\/\/castellobeachhotel.com\/fr\/#organization\"},\"potentialAction\":[{\"@type\":\"SearchAction\",\"target\":{\"@type\":\"EntryPoint\",\"urlTemplate\":\"https:\/\/castellobeachhotel.com\/fr\/?s={search_term_string}\"},\"query-input\":\"required name=search_term_string\"}],\"inLanguage\":\"fr-FR\"},{\"@type\":\"WebPage\",\"@id\":\"https:\/\/castellobeachhotel.com\/fr\/#webpage\",\"url\":\"https:\/\/castellobeachhotel.com\/fr\/\",\"name\":\"Home | Castello Beach Hotel\",\"isPartOf\":{\"@id\":\"https:\/\/castellobeachhotel.com\/fr\/#website\"},\"datePublished\":\"2020-04-03T20:14:55+00:00\",\"dateModified\":\"2022-08-08T11:21:18+00:00\",\"description\":\"Castello Beach Hotel, le seul h\u00f4tel 4 \u00e9toiles proposant uniquement des suites \u00e0 Praslin. 26 suites minimalistes et luxueuses dans deux b\u00e2timents.\",\"breadcrumb\":{\"@id\":\"https:\/\/castellobeachhotel.com\/fr\/#breadcrumb\"},\"inLanguage\":\"fr-FR\",\"potentialAction\":[{\"@type\":\"ReadAction\",\"target\":[\"https:\/\/castellobeachhotel.com\/fr\/\"]}]},{\"@type\":\"BreadcrumbList\",\"@id\":\"https:\/\/castellobeachhotel.com\/fr\/#breadcrumb\",\"itemListElement\":[{\"@type\":\"ListItem\",\"position\":1,\"name\":\"Startseite\",\"item\":\"https:\/\/castellobeachhotel.com\/fr\/\"},{\"@type\":\"ListItem\",\"position\":2,\"name\":\"Home\"}]}]}<\/script>\n<!-- \/ Yoast SEO plugin. -->","yoast_head_json":{"title":"Home | Castello Beach Hotel","description":"Castello Beach Hotel, le seul h\u00f4tel 4 \u00e9toiles proposant uniquement des suites \u00e0 Praslin. 26 suites minimalistes et luxueuses dans deux b\u00e2timents.","robots":{"index":"index","follow":"follow","max-snippet":"max-snippet:-1","max-image-preview":"max-image-preview:large","max-video-preview":"max-video-preview:-1"},"canonical":"https:\/\/castellobeachhotel.com\/fr\/","og_locale":"fr_FR","og_type":"article","og_title":"Home | Castello Beach Hotel","og_description":"Castello Beach Hotel, le seul h\u00f4tel 4 \u00e9toiles proposant uniquement des suites \u00e0 Praslin. 26 suites minimalistes et luxueuses dans deux b\u00e2timents.","og_url":"https:\/\/castellobeachhotel.com\/fr\/","og_site_name":"Castello Beach Hotel","article_modified_time":"2022-08-08T11:21:18+00:00","twitter_card":"summary_large_image","schema":{"@context":"https:\/\/schema.org","@graph":[{"@type":"Organization","@id":"https:\/\/castellobeachhotel.com\/fr\/#organization","name":"Castello Beach Hotel","url":"https:\/\/castellobeachhotel.com\/fr\/","sameAs":[],"logo":{"@type":"ImageObject","inLanguage":"fr-FR","@id":"https:\/\/castellobeachhotel.com\/fr\/#\/schema\/logo\/image\/","url":"https:\/\/castellobeachhotel.com\/wp-content\/uploads\/2022\/06\/Castello-Logo.svg","contentUrl":"https:\/\/castellobeachhotel.com\/wp-content\/uploads\/2022\/06\/Castello-Logo.svg","width":298,"height":50,"caption":"Castello Beach Hotel"},"image":{"@id":"https:\/\/castellobeachhotel.com\/fr\/#\/schema\/logo\/image\/"}},{"@type":"WebSite","@id":"https:\/\/castellobeachhotel.com\/fr\/#website","url":"https:\/\/castellobeachhotel.com\/fr\/","name":"Castello Beach Hotel","description":"","publisher":{"@id":"https:\/\/castellobeachhotel.com\/fr\/#organization"},"potentialAction":[{"@type":"SearchAction","target":{"@type":"EntryPoint","urlTemplate":"https:\/\/castellobeachhotel.com\/fr\/?s={search_term_string}"},"query-input":"required name=search_term_string"}],"inLanguage":"fr-FR"},{"@type":"WebPage","@id":"https:\/\/castellobeachhotel.com\/fr\/#webpage","url":"https:\/\/castellobeachhotel.com\/fr\/","name":"Home | Castello Beach Hotel","isPartOf":{"@id":"https:\/\/castellobeachhotel.com\/fr\/#website"},"datePublished":"2020-04-03T20:14:55+00:00","dateModified":"2022-08-08T11:21:18+00:00","description":"Castello Beach Hotel, le seul h\u00f4tel 4 \u00e9toiles proposant uniquement des suites \u00e0 Praslin. 26 suites minimalistes et luxueuses dans deux b\u00e2timents.","breadcrumb":{"@id":"https:\/\/castellobeachhotel.com\/fr\/#breadcrumb"},"inLanguage":"fr-FR","potentialAction":[{"@type":"ReadAction","target":["https:\/\/castellobeachhotel.com\/fr\/"]}]},{"@type":"BreadcrumbList","@id":"https:\/\/castellobeachhotel.com\/fr\/#breadcrumb","itemListElement":[{"@type":"ListItem","position":1,"name":"Startseite","item":"https:\/\/castellobeachhotel.com\/fr\/"},{"@type":"ListItem","position":2,"name":"Home"}]}]}},"_links":{"self":[{"href":"https:\/\/castellobeachhotel.com\/fr\/wp-json\/wp\/v2\/pages\/472"}],"collection":[{"href":"https:\/\/castellobeachhotel.com\/fr\/wp-json\/wp\/v2\/pages"}],"about":[{"href":"https:\/\/castellobeachhotel.com\/fr\/wp-json\/wp\/v2\/types\/page"}],"author":[{"embeddable":true,"href":"https:\/\/castellobeachhotel.com\/fr\/wp-json\/wp\/v2\/users\/1"}],"replies":[{"embeddable":true,"href":"https:\/\/castellobeachhotel.com\/fr\/wp-json\/wp\/v2\/comments?post=472"}],"version-history":[{"count":1,"href":"https:\/\/castellobeachhotel.com\/fr\/wp-json\/wp\/v2\/pages\/472\/revisions"}],"predecessor-version":[{"id":550,"href":"https:\/\/castellobeachhotel.com\/fr\/wp-json\/wp\/v2\/pages\/472\/revisions\/550"}],"wp:attachment":[{"href":"https:\/\/castellobeachhotel.com\/fr\/wp-json\/wp\/v2\/media?parent=472"}],"curies":[{"name":"wp","href":"https:\/\/api.w.org\/{rel}","templated":true}]}}